{"id":64,"date":"2022-08-30T17:46:41","date_gmt":"2022-08-30T15:46:41","guid":{"rendered":"https:\/\/tisane.re\/?page_id=64"},"modified":"2023-05-20T18:42:03","modified_gmt":"2023-05-20T16:42:03","slug":"la-goutte","status":"publish","type":"page","link":"https:\/\/tisane.re\/index.php\/la-goutte\/","title":{"rendered":"La goutte &#8211; Maladie"},"content":{"rendered":"\n<p><\/p>\n\n\n\n<div class=\"wp-block-media-text alignwide is-stacked-on-mobile\"><figure class=\"wp-block-media-text__media\"><img loading=\"lazy\" decoding=\"async\" width=\"510\" height=\"340\" src=\"https:\/\/tisane.re\/wp-content\/uploads\/2022\/09\/goutte.webp\" alt=\"\" class=\"wp-image-121 size-full\" srcset=\"https:\/\/tisane.re\/wp-content\/uploads\/2022\/09\/goutte.webp 510w, https:\/\/tisane.re\/wp-content\/uploads\/2022\/09\/goutte-300x200.webp 300w\" sizes=\"auto, (max-width: 510px) 100vw, 510px\" \/><\/figure><div class=\"wp-block-media-text__content\">\n<h2 class=\"wp-block-heading\">Histoire :<\/h2>\n\n\n\n<p>Le terme de &#8220;goutte&#8221; est employ\u00e9 \u00e0 partir du IX\u00e8me si\u00e8cle. Ont disait alors :<\/p>\n\n\n\n<blockquote class=\"wp-block-quote is-layout-flow wp-block-quote-is-layout-flow\">\n<p>&#8220;le poison contenu dans les humeurs tombe goutte \u00e0 goutte sur les articulations&#8230;&#8221;<\/p>\n<cite>(Source Pr. Bernard Mazi\u00e8res )<\/cite><\/blockquote>\n<\/div><\/div>\n\n\n\n<p><a href=\"https:\/\/fr.wikipedia.org\/wiki\/Goutte_(maladie)\">Lien vers Wikip\u00e9dia &#8211; La Maladie de &#8220;La Goutte&#8221;<\/a><\/p>\n\n\n\n<div class=\"wp-block-obb-toggle-block organic-block obb-toggle\" style=\"text-align:left\"><div class=\"obb-toggle-trigger\" style=\"background-color:#f4f4f4\"><p class=\"obb-toggle-title\" style=\"color:#333\">Hippocrate disait 500 ans avant J.C.<\/p><i class=\"obb-toggle-icon obb-open fas fa-plus\" style=\"color:#999\"><\/i><i class=\"obb-toggle-icon obb-close fas fa-minus\" style=\"color:#999\"><\/i><\/div><div class=\"obb-toggle-container\" style=\"text-align:left;background-color:#f4f4f4\"><div class=\"obb-toggle-content\" style=\"border-color:#ccc\">\n<p>Au V e si\u00e8cle avant J\u00e9sus-Christ, Hippocrate utilisa le terme de &#8220;podagre&#8221; pour d\u00e9crire la goutte. Terme qui signifie en grec \u201cpris par le pied\u201d, allusion au pi\u00e8ge attrapant l\u2019animal par la patte. La goutte frappe en effet pr\u00e9f\u00e9rentiellement le pied et notamment le gros orteil. Par extension, on parlait de personne podagre pour qualifier un homme atteint de la<br>goutte.<br>Hippocrate notait d\u00e9j\u00e0 que la goutte touchait surtout l\u2019homme, tr\u00e8s rarement l\u2019enfant et la femme avant la \u00e9nopause. Il insistait sule r\u00f4le de l\u2019h\u00e9r\u00e9dit\u00e9 et l\u2019influence n\u00e9faste de la suralimentation sur la maladie.<\/p>\n<\/div><\/div><\/div>\n\n\n\n<div class=\"wp-block-obb-toggle-block organic-block obb-toggle\" style=\"text-align:left\"><div class=\"obb-toggle-trigger\" style=\"background-color:#f4f4f4\"><p class=\"obb-toggle-title\" style=\"color:#333\">Description du Dr Thomas Syndeham, 1683<\/p><i class=\"obb-toggle-icon obb-open fas fa-plus\" style=\"color:#999\"><\/i><i class=\"obb-toggle-icon obb-close fas fa-minus\" style=\"color:#999\"><\/i><\/div><div class=\"obb-toggle-container\" style=\"text-align:left;background-color:#f4f4f4\"><div class=\"obb-toggle-content\" style=\"border-color:#ccc\">\n<p>Une description pr\u00e9cise et color\u00e9e d\u2019une crise de goutte a \u00e9t\u00e9 \u00e9l\u00e9gamment \u00e9crite en 1683 par le Dr Thomas Sydenham, lui-m\u00eame souffrant de goutte. :<\/p>\n\n\n\n<p>La victime se couche et dort en bonne sant\u00e9. Vers 2 heures du matin, il est r\u00e9veill\u00e9 par une douleur intense au gros orteil; plus rarement au talon, \u00e0 la cheville ou au cou-de-pied. Cette douleur ressemble \u00e0 celle d\u2019une luxation, et pourtant les parties donnent l\u2019impression que de l\u2019eau froide a \u00e9t\u00e9 vers\u00e9e dessus. Viennent ensuite des frissons et des frissons et un peu de fi\u00e8vre. La douleur d\u2019abord mod\u00e9r\u00e9e devient plus intense. Avec son intensit\u00e9, les frissons et les frissons augmentent. Apr\u00e8s un certain temps, celui-ci atteint sa pleine hauteur, s\u2019adaptant aux os et aux ligaments du tarse et du m\u00e9tatarse. Maintenant c\u2019est un \u00e9tirement et une d\u00e9chirure violents des ligaments \u2013 maintenant c\u2019est une douleur rongeante et maintenant une pression et un resserrement. La sensation de la partie affect\u00e9e est si exquise et vivante qu\u2019elle ne peut pas supporter le poids des draps ni du pot d\u2019une personne qui marche dans la pi\u00e8ce.<\/p>\n<\/div><\/div><\/div>\n","protected":false},"excerpt":{"rendered":"<p>Lien vers Wikip\u00e9dia &#8211; La Maladie de &#8220;La Goutte&#8221;<\/p>\n","protected":false},"author":1,"featured_media":0,"parent":0,"menu_order":0,"comment_status":"closed","ping_status":"closed","template":"","meta":{"footnotes":""},"class_list":["post-64","page","type-page","status-publish","hentry"],"yoast_head":"<!-- This site is optimized with the Yoast SEO plugin v20.7 - https:\/\/yoast.com\/wordpress\/plugins\/seo\/ -->\n<title>La goutte - Maladie - Tisane R\u00e9union 974<\/title>\n<meta name=\"robots\" content=\"index, follow, max-snippet:-1, max-image-preview:large, max-video-preview:-1\" \/>\n<link rel=\"canonical\" href=\"https:\/\/tisane.re\/index.php\/la-goutte\/\" \/>\n<meta property=\"og:locale\" content=\"en_US\" \/>\n<meta property=\"og:type\" content=\"article\" \/>\n<meta property=\"og:title\" content=\"La goutte - Maladie - Tisane R\u00e9union 974\" \/>\n<meta property=\"og:description\" content=\"Lien vers Wikip\u00e9dia &#8211; La Maladie de &#8220;La Goutte&#8221;\" \/>\n<meta property=\"og:url\" content=\"https:\/\/tisane.re\/index.php\/la-goutte\/\" \/>\n<meta property=\"og:site_name\" content=\"Tisane R\u00e9union 974\" \/>\n<meta property=\"article:modified_time\" content=\"2023-05-20T16:42:03+00:00\" \/>\n<meta property=\"og:image\" content=\"https:\/\/tisane.re\/wp-content\/uploads\/2022\/09\/goutte.webp\" \/>\n<meta name=\"twitter:card\" content=\"summary_large_image\" \/>\n<meta name=\"twitter:label1\" content=\"Est. reading time\" \/>\n\t<meta name=\"twitter:data1\" content=\"2 minutes\" \/>\n<script type=\"application\/ld+json\" class=\"yoast-schema-graph\">{\"@context\":\"https:\/\/schema.org\",\"@graph\":[{\"@type\":\"WebPage\",\"@id\":\"https:\/\/tisane.re\/index.php\/la-goutte\/\",\"url\":\"https:\/\/tisane.re\/index.php\/la-goutte\/\",\"name\":\"La goutte - Maladie - Tisane R\u00e9union 974\",\"isPartOf\":{\"@id\":\"https:\/\/tisane.re\/#website\"},\"datePublished\":\"2022-08-30T15:46:41+00:00\",\"dateModified\":\"2023-05-20T16:42:03+00:00\",\"breadcrumb\":{\"@id\":\"https:\/\/tisane.re\/index.php\/la-goutte\/#breadcrumb\"},\"inLanguage\":\"en-US\",\"potentialAction\":[{\"@type\":\"ReadAction\",\"target\":[\"https:\/\/tisane.re\/index.php\/la-goutte\/\"]}]},{\"@type\":\"BreadcrumbList\",\"@id\":\"https:\/\/tisane.re\/index.php\/la-goutte\/#breadcrumb\",\"itemListElement\":[{\"@type\":\"ListItem\",\"position\":1,\"name\":\"Home\",\"item\":\"https:\/\/tisane.re\/\"},{\"@type\":\"ListItem\",\"position\":2,\"name\":\"La goutte &#8211; Maladie\"}]},{\"@type\":\"WebSite\",\"@id\":\"https:\/\/tisane.re\/#website\",\"url\":\"https:\/\/tisane.re\/\",\"name\":\"Tisane.re\",\"description\":\"Tisanes et partage sur le th\u00e8me des plantes m\u00e9dicinales et la sant\u00e9\",\"publisher\":{\"@id\":\"https:\/\/tisane.re\/#\/schema\/person\/eb65feb09a349e5a11893a38330cd18e\"},\"potentialAction\":[{\"@type\":\"SearchAction\",\"target\":{\"@type\":\"EntryPoint\",\"urlTemplate\":\"https:\/\/tisane.re\/?s={search_term_string}\"},\"query-input\":\"required name=search_term_string\"}],\"inLanguage\":\"en-US\"},{\"@type\":[\"Person\",\"Organization\"],\"@id\":\"https:\/\/tisane.re\/#\/schema\/person\/eb65feb09a349e5a11893a38330cd18e\",\"name\":\"Web-Tisaneur\",\"image\":{\"@type\":\"ImageObject\",\"inLanguage\":\"en-US\",\"@id\":\"https:\/\/tisane.re\/#\/schema\/person\/image\/\",\"url\":\"https:\/\/secure.gravatar.com\/avatar\/0dcc42a5568384e4a59ca77acc8d7bab5dc22323782f9d92f41e238dfbec9e14?s=96&d=mm&r=g\",\"contentUrl\":\"https:\/\/secure.gravatar.com\/avatar\/0dcc42a5568384e4a59ca77acc8d7bab5dc22323782f9d92f41e238dfbec9e14?s=96&d=mm&r=g\",\"caption\":\"Web-Tisaneur\"},\"logo\":{\"@id\":\"https:\/\/tisane.re\/#\/schema\/person\/image\/\"},\"sameAs\":[\"http:\/\/tisane.re\"]}]}<\/script>\n<!-- \/ Yoast SEO plugin. -->","yoast_head_json":{"title":"La goutte - Maladie - Tisane R\u00e9union 974","robots":{"index":"index","follow":"follow","max-snippet":"max-snippet:-1","max-image-preview":"max-image-preview:large","max-video-preview":"max-video-preview:-1"},"canonical":"https:\/\/tisane.re\/index.php\/la-goutte\/","og_locale":"en_US","og_type":"article","og_title":"La goutte - Maladie - Tisane R\u00e9union 974","og_description":"Lien vers Wikip\u00e9dia &#8211; La Maladie de &#8220;La Goutte&#8221;","og_url":"https:\/\/tisane.re\/index.php\/la-goutte\/","og_site_name":"Tisane R\u00e9union 974","article_modified_time":"2023-05-20T16:42:03+00:00","og_image":[{"url":"https:\/\/tisane.re\/wp-content\/uploads\/2022\/09\/goutte.webp"}],"twitter_card":"summary_large_image","twitter_misc":{"Est. reading time":"2 minutes"},"schema":{"@context":"https:\/\/schema.org","@graph":[{"@type":"WebPage","@id":"https:\/\/tisane.re\/index.php\/la-goutte\/","url":"https:\/\/tisane.re\/index.php\/la-goutte\/","name":"La goutte - Maladie - Tisane R\u00e9union 974","isPartOf":{"@id":"https:\/\/tisane.re\/#website"},"datePublished":"2022-08-30T15:46:41+00:00","dateModified":"2023-05-20T16:42:03+00:00","breadcrumb":{"@id":"https:\/\/tisane.re\/index.php\/la-goutte\/#breadcrumb"},"inLanguage":"en-US","potentialAction":[{"@type":"ReadAction","target":["https:\/\/tisane.re\/index.php\/la-goutte\/"]}]},{"@type":"BreadcrumbList","@id":"https:\/\/tisane.re\/index.php\/la-goutte\/#breadcrumb","itemListElement":[{"@type":"ListItem","position":1,"name":"Home","item":"https:\/\/tisane.re\/"},{"@type":"ListItem","position":2,"name":"La goutte &#8211; Maladie"}]},{"@type":"WebSite","@id":"https:\/\/tisane.re\/#website","url":"https:\/\/tisane.re\/","name":"Tisane.re","description":"Tisanes et partage sur le th\u00e8me des plantes m\u00e9dicinales et la sant\u00e9","publisher":{"@id":"https:\/\/tisane.re\/#\/schema\/person\/eb65feb09a349e5a11893a38330cd18e"},"potentialAction":[{"@type":"SearchAction","target":{"@type":"EntryPoint","urlTemplate":"https:\/\/tisane.re\/?s={search_term_string}"},"query-input":"required name=search_term_string"}],"inLanguage":"en-US"},{"@type":["Person","Organization"],"@id":"https:\/\/tisane.re\/#\/schema\/person\/eb65feb09a349e5a11893a38330cd18e","name":"Web-Tisaneur","image":{"@type":"ImageObject","inLanguage":"en-US","@id":"https:\/\/tisane.re\/#\/schema\/person\/image\/","url":"https:\/\/secure.gravatar.com\/avatar\/0dcc42a5568384e4a59ca77acc8d7bab5dc22323782f9d92f41e238dfbec9e14?s=96&d=mm&r=g","contentUrl":"https:\/\/secure.gravatar.com\/avatar\/0dcc42a5568384e4a59ca77acc8d7bab5dc22323782f9d92f41e238dfbec9e14?s=96&d=mm&r=g","caption":"Web-Tisaneur"},"logo":{"@id":"https:\/\/tisane.re\/#\/schema\/person\/image\/"},"sameAs":["http:\/\/tisane.re"]}]}},"_links":{"self":[{"href":"https:\/\/tisane.re\/index.php\/wp-json\/wp\/v2\/pages\/64","targetHints":{"allow":["GET"]}}],"collection":[{"href":"https:\/\/tisane.re\/index.php\/wp-json\/wp\/v2\/pages"}],"about":[{"href":"https:\/\/tisane.re\/index.php\/wp-json\/wp\/v2\/types\/page"}],"author":[{"embeddable":true,"href":"https:\/\/tisane.re\/index.php\/wp-json\/wp\/v2\/users\/1"}],"replies":[{"embeddable":true,"href":"https:\/\/tisane.re\/index.php\/wp-json\/wp\/v2\/comments?post=64"}],"version-history":[{"count":13,"href":"https:\/\/tisane.re\/index.php\/wp-json\/wp\/v2\/pages\/64\/revisions"}],"predecessor-version":[{"id":139,"href":"https:\/\/tisane.re\/index.php\/wp-json\/wp\/v2\/pages\/64\/revisions\/139"}],"wp:attachment":[{"href":"https:\/\/tisane.re\/index.php\/wp-json\/wp\/v2\/media?parent=64"}],"curies":[{"name":"wp","href":"https:\/\/api.w.org\/{rel}","templated":true}]}}